{"id":15371,"date":"2025-08-18T12:21:08","date_gmt":"2025-08-18T12:21:08","guid":{"rendered":"https:\/\/hasansaritasgallery.com\/?page_id=15371"},"modified":"2025-08-18T12:22:05","modified_gmt":"2025-08-18T12:22:05","slug":"sepet","status":"publish","type":"page","link":"https:\/\/hasansaritasgallery.com\/?page_id=15371","title":{"rendered":"Sepet"},"content":{"rendered":"\n<div data-block-name=\"woocommerce\/cart\" class=\"wp-block-woocommerce-cart alignwide is-loading\">\n<div data-block-name=\"woocommerce\/filled-cart-block\" class=\"wp-block-woocommerce-filled-cart-block\">\n<div data-block-name=\"woocommerce\/cart-items-block\" class=\"wp-block-woocommerce-cart-items-block\">\n<div data-block-name=\"woocommerce\/cart-line-items-block\" class=\"wp-block-woocommerce-cart-line-items-block\"><\/div>\n\n\n\n<div data-block-name=\"woocommerce\/cart-cross-sells-block\" class=\"wp-block-woocommerce-cart-cross-sells-block\">\n<h2 class=\"wp-block-heading has-large-font-size\">\u0130lginizi \u00e7ekebilir\u2026<\/h2>\n\n\n\n<div data-block-name=\"woocommerce\/cart-cross-sells-products-block\" class=\"wp-block-woocommerce-cart-cross-sells-products-block\"><\/div>\n<\/div>\n<\/div>\n\n\n\n<div data-block-name=\"woocommerce\/cart-totals-block\" class=\"wp-block-woocommerce-cart-totals-block\">\n<div data-block-name=\"woocommerce\/cart-order-summary-block\" class=\"wp-block-woocommerce-cart-order-summary-block\">\n<div data-block-name=\"woocommerce\/cart-order-summary-heading-block\" data-content=\"Sepet toplamlar\u0131\" class=\"wp-block-woocommerce-cart-order-summary-heading-block\"><\/div>\n\n\n\n<div data-block-name=\"woocommerce\/cart-order-summary-coupon-form-block\" class=\"wp-block-woocommerce-cart-order-summary-coupon-form-block\"><\/div>\n\n\n\n<div data-block-name=\"woocommerce\/cart-order-summary-totals-block\" class=\"wp-block-woocommerce-cart-order-summary-totals-block\">\n<div data-block-name=\"woocommerce\/cart-order-summary-subtotal-block\" class=\"wp-block-woocommerce-cart-order-summary-subtotal-block\"><\/div>\n\n\n\n<div data-block-name=\"woocommerce\/cart-order-summary-fee-block\" class=\"wp-block-woocommerce-cart-order-summary-fee-block\"><\/div>\n\n\n\n<div data-block-name=\"woocommerce\/cart-order-summary-discount-block\" class=\"wp-block-woocommerce-cart-order-summary-discount-block\"><\/div>\n\n\n\n<div data-block-name=\"woocommerce\/cart-order-summary-shipping-block\" class=\"wp-block-woocommerce-cart-order-summary-shipping-block\"><\/div>\n\n\n\n<div data-block-name=\"woocommerce\/cart-order-summary-taxes-block\" class=\"wp-block-woocommerce-cart-order-summary-taxes-block\"><\/div>\n<\/div>\n<\/div>\n\n\n\n<div data-block-name=\"woocommerce\/cart-express-payment-block\" class=\"wp-block-woocommerce-cart-express-payment-block\"><\/div>\n\n\n\n<div data-block-name=\"woocommerce\/proceed-to-checkout-block\" class=\"wp-block-woocommerce-proceed-to-checkout-block\"><\/div>\n\n\n\n<div data-block-name=\"woocommerce\/cart-accepted-payment-methods-block\" class=\"wp-block-woocommerce-cart-accepted-payment-methods-block\"><\/div>\n<\/div>\n<\/div>\n\n\n\n<div data-block-name=\"woocommerce\/empty-cart-block\" class=\"wp-block-woocommerce-empty-cart-block\">\n<h2 class=\"wp-block-heading has-text-align-center with-empty-cart-icon wc-block-cart__empty-cart__title\">Sepetiniz \u015fu anda bo\u015f!<\/h2>\n\n\n\n<p class=\"has-text-align-center\"><a href=\"https:\/\/hasansaritasgallery.com\/?page_id=7566\">Ma\u011fazaya g\u00f6zat<\/a><\/p>\n\n\n\n<hr class=\"wp-block-separator has-alpha-channel-opacity is-style-dots\"\/>\n\n\n\n<h2 class=\"wp-block-heading has-text-align-center\">Ma\u011fazada yeni<\/h2>\n\n\n<div data-block-name=\"woocommerce\/product-new\" data-columns=\"4\" data-rows=\"1\" class=\"wc-block-grid wp-block-product-new wp-block-woocommerce-product-new wc-block-product-new has-4-columns\"><ul class=\"wc-block-grid__products\"><li class=\"wc-block-grid__product\">\n\t\t\t\t<a href=\"https:\/\/hasansaritasgallery.com\/?product=above-these-pictures-you-can-think-for-hours\" class=\"wc-block-grid__product-link\">\n\t\t\t\t\t<div class=\"wc-block-grid__product-onsale\">\n\t\t\t<span aria-hidden=\"true\">\u0130ndirim<\/span>\n\t\t\t<span class=\"screen-reader-text\">\u0130ndirimdeki \u00fcr\u00fcn<\/span>\n\t\t<\/div>\n\t\t\t\t\t<div class=\"wc-block-grid__product-image\"><img loading=\"lazy\" decoding=\"async\" width=\"540\" height=\"540\" src=\"https:\/\/hasansaritasgallery.com\/wp-content\/uploads\/2017\/11\/08_Cerceveli-scaled-540x540.jpg\" class=\"attachment-woocommerce_thumbnail size-woocommerce_thumbnail\" alt=\"Above these Pictures you can Think for Hours\" srcset=\"https:\/\/hasansaritasgallery.com\/wp-content\/uploads\/2017\/11\/08_Cerceveli-scaled-540x540.jpg 540w, https:\/\/hasansaritasgallery.com\/wp-content\/uploads\/2017\/11\/08_Cerceveli-scaled-100x100.jpg 100w, https:\/\/hasansaritasgallery.com\/wp-content\/uploads\/2017\/11\/08_Cerceveli-150x150.jpg 150w, https:\/\/hasansaritasgallery.com\/wp-content\/uploads\/2017\/11\/08_Cerceveli-180x180.jpg 180w, https:\/\/hasansaritasgallery.com\/wp-content\/uploads\/2017\/11\/08_Cerceveli-580x580.jpg 580w\" sizes=\"auto, (max-width: 540px) 100vw, 540px\" \/><\/div>\n\t\t\t\t\t<div class=\"wc-block-grid__product-title\">Above these Pictures you can Think for Hours<\/div>\n\t\t\t\t<\/a>\n\t\t\t\t<div class=\"wc-block-grid__product-price price\"><del aria-hidden=\"true\"><span class=\"woocommerce-Price-amount amount\">25.000,00<span><span class=\"woocommerce-Price-currencySymbol\">&#8378;<\/span><\/span><\/span><\/del> <span class=\"screen-reader-text\">Orijinal fiyat: 25.000,00&#8378;.<\/span><ins aria-hidden=\"true\"><span class=\"woocommerce-Price-amount amount\">20.000,00<span><span class=\"woocommerce-Price-currencySymbol\">&#8378;<\/span><\/span><\/span><\/ins><span class=\"screen-reader-text\">\u015eu andaki fiyat: 20.000,00&#8378;.<\/span><\/div>\n\t\t\t\t\n\t\t\t\t<div class=\"wp-block-button wc-block-grid__product-add-to-cart\"><a href=\"\/index.php?rest_route=%2Fwp%2Fv2%2Fpages%2F15371&#038;add-to-cart=13512\" aria-label=\"Sepete ekle: \u201cAbove these Pictures you can Think for Hours\u201d\" data-quantity=\"1\" data-product_id=\"13512\" data-product_sku=\"mrthvj1\" data-price=\"20000\" rel=\"nofollow\" class=\"wp-block-button__link  add_to_cart_button ajax_add_to_cart\">Sepete Ekle<\/a><\/div>\n\t\t\t<\/li><li class=\"wc-block-grid__product\">\n\t\t\t\t<a href=\"https:\/\/hasansaritasgallery.com\/?product=wall-art-by-melanie-mikecz\" class=\"wc-block-grid__product-link\">\n\t\t\t\t\t\n\t\t\t\t\t<div class=\"wc-block-grid__product-image\"><img loading=\"lazy\" decoding=\"async\" width=\"540\" height=\"540\" src=\"https:\/\/hasansaritasgallery.com\/wp-content\/uploads\/2018\/01\/04-540x540.jpg\" class=\"attachment-woocommerce_thumbnail size-woocommerce_thumbnail\" alt=\"Wall Art by Melanie Mikecz\" srcset=\"https:\/\/hasansaritasgallery.com\/wp-content\/uploads\/2018\/01\/04-540x540.jpg 540w, https:\/\/hasansaritasgallery.com\/wp-content\/uploads\/2018\/01\/04-100x100.jpg 100w, https:\/\/hasansaritasgallery.com\/wp-content\/uploads\/2018\/01\/04-150x150.jpg 150w, https:\/\/hasansaritasgallery.com\/wp-content\/uploads\/2018\/01\/04-180x180.jpg 180w, https:\/\/hasansaritasgallery.com\/wp-content\/uploads\/2018\/01\/04-580x580.jpg 580w\" sizes=\"auto, (max-width: 540px) 100vw, 540px\" \/><\/div>\n\t\t\t\t\t<div class=\"wc-block-grid__product-title\">Wall Art by Melanie Mikecz<\/div>\n\t\t\t\t<\/a>\n\t\t\t\t<div class=\"wc-block-grid__product-price price\"><span class=\"woocommerce-Price-amount amount\">25,00<span><span class=\"woocommerce-Price-currencySymbol\">&#8378;<\/span><\/span><\/span><\/div>\n\t\t\t\t<div class=\"wc-block-grid__product-rating\"><div class=\"star-rating\" role=\"img\" aria-label=\"5 \u00fczerinden 4.00 oy ald\u0131\"><span style=\"width:80%\"><span class=\"rating\">1<\/span> m\u00fc\u015fteri puan\u0131na dayanarak 5 \u00fczerinden <strong class=\"rating\">4.00<\/strong> puan ald\u0131<\/span><\/div><\/div>\n\t\t\t\t<div class=\"wp-block-button wc-block-grid__product-add-to-cart\"><a href=\"\/index.php?rest_route=%2Fwp%2Fv2%2Fpages%2F15371&#038;add-to-cart=13509\" aria-label=\"Sepete ekle: \u201cWall Art by Melanie Mikecz\u201d\" data-quantity=\"1\" data-product_id=\"13509\" data-product_sku=\"\" data-price=\"25\" rel=\"nofollow\" class=\"wp-block-button__link  add_to_cart_button ajax_add_to_cart\">Sepete Ekle<\/a><\/div>\n\t\t\t<\/li><li class=\"wc-block-grid__product\">\n\t\t\t\t<a href=\"https:\/\/hasansaritasgallery.com\/?product=32-masterpieces-by-samuel-zeller\" class=\"wc-block-grid__product-link\">\n\t\t\t\t\t\n\t\t\t\t\t<div class=\"wc-block-grid__product-image\"><img loading=\"lazy\" decoding=\"async\" width=\"540\" height=\"540\" src=\"https:\/\/hasansaritasgallery.com\/wp-content\/uploads\/2018\/01\/04-540x540.jpg\" class=\"attachment-woocommerce_thumbnail size-woocommerce_thumbnail\" alt=\"32 Masterpieces by Samuel Zeller\" srcset=\"https:\/\/hasansaritasgallery.com\/wp-content\/uploads\/2018\/01\/04-540x540.jpg 540w, https:\/\/hasansaritasgallery.com\/wp-content\/uploads\/2018\/01\/04-100x100.jpg 100w, https:\/\/hasansaritasgallery.com\/wp-content\/uploads\/2018\/01\/04-150x150.jpg 150w, https:\/\/hasansaritasgallery.com\/wp-content\/uploads\/2018\/01\/04-180x180.jpg 180w, https:\/\/hasansaritasgallery.com\/wp-content\/uploads\/2018\/01\/04-580x580.jpg 580w\" sizes=\"auto, (max-width: 540px) 100vw, 540px\" \/><\/div>\n\t\t\t\t\t<div class=\"wc-block-grid__product-title\">32 Masterpieces by Samuel Zeller<\/div>\n\t\t\t\t<\/a>\n\t\t\t\t<div class=\"wc-block-grid__product-price price\"><span class=\"woocommerce-Price-amount amount\">65,00<span><span class=\"woocommerce-Price-currencySymbol\">&#8378;<\/span><\/span><\/span><\/div>\n\t\t\t\t<div class=\"wc-block-grid__product-rating\"><div class=\"star-rating\" role=\"img\" aria-label=\"5 \u00fczerinden 4.00 oy ald\u0131\"><span style=\"width:80%\"><span class=\"rating\">1<\/span> m\u00fc\u015fteri puan\u0131na dayanarak 5 \u00fczerinden <strong class=\"rating\">4.00<\/strong> puan ald\u0131<\/span><\/div><\/div>\n\t\t\t\t<div class=\"wp-block-button wc-block-grid__product-add-to-cart\"><a href=\"\/index.php?rest_route=%2Fwp%2Fv2%2Fpages%2F15371&#038;add-to-cart=13506\" aria-label=\"Sepete ekle: \u201c32 Masterpieces by Samuel Zeller\u201d\" data-quantity=\"1\" data-product_id=\"13506\" data-product_sku=\"\" data-price=\"65\" rel=\"nofollow\" class=\"wp-block-button__link  add_to_cart_button ajax_add_to_cart\">Sepete Ekle<\/a><\/div>\n\t\t\t<\/li><li class=\"wc-block-grid__product\">\n\t\t\t\t<a href=\"https:\/\/hasansaritasgallery.com\/?product=francisco-de-goya-the-umbrella\" class=\"wc-block-grid__product-link\">\n\t\t\t\t\t\n\t\t\t\t\t<div class=\"wc-block-grid__product-image\"><img loading=\"lazy\" decoding=\"async\" width=\"540\" height=\"540\" src=\"https:\/\/hasansaritasgallery.com\/wp-content\/uploads\/2018\/01\/04-540x540.jpg\" class=\"attachment-woocommerce_thumbnail size-woocommerce_thumbnail\" alt=\"Francisco de Goya &quot;The Umbrella&quot;\" srcset=\"https:\/\/hasansaritasgallery.com\/wp-content\/uploads\/2018\/01\/04-540x540.jpg 540w, https:\/\/hasansaritasgallery.com\/wp-content\/uploads\/2018\/01\/04-100x100.jpg 100w, https:\/\/hasansaritasgallery.com\/wp-content\/uploads\/2018\/01\/04-150x150.jpg 150w, https:\/\/hasansaritasgallery.com\/wp-content\/uploads\/2018\/01\/04-180x180.jpg 180w, https:\/\/hasansaritasgallery.com\/wp-content\/uploads\/2018\/01\/04-580x580.jpg 580w\" sizes=\"auto, (max-width: 540px) 100vw, 540px\" \/><\/div>\n\t\t\t\t\t<div class=\"wc-block-grid__product-title\">Francisco de Goya &#8220;The Umbrella&#8221;<\/div>\n\t\t\t\t<\/a>\n\t\t\t\t<div class=\"wc-block-grid__product-price price\"><span class=\"woocommerce-Price-amount amount\">45,00<span><span class=\"woocommerce-Price-currencySymbol\">&#8378;<\/span><\/span><\/span><\/div>\n\t\t\t\t<div class=\"wc-block-grid__product-rating\"><div class=\"star-rating\" role=\"img\" aria-label=\"5 \u00fczerinden 4.00 oy ald\u0131\"><span style=\"width:80%\"><span class=\"rating\">1<\/span> m\u00fc\u015fteri puan\u0131na dayanarak 5 \u00fczerinden <strong class=\"rating\">4.00<\/strong> puan ald\u0131<\/span><\/div><\/div>\n\t\t\t\t<div class=\"wp-block-button wc-block-grid__product-add-to-cart\"><a href=\"\/index.php?rest_route=%2Fwp%2Fv2%2Fpages%2F15371&#038;add-to-cart=13501\" aria-label=\"Sepete ekle: \u201cFrancisco de Goya &quot;The Umbrella&quot;\u201d\" data-quantity=\"1\" data-product_id=\"13501\" data-product_sku=\"\" data-price=\"45\" rel=\"nofollow\" class=\"wp-block-button__link  add_to_cart_button ajax_add_to_cart\">Sepete Ekle<\/a><\/div>\n\t\t\t<\/li><\/ul><\/div><\/div>\n<\/div>\n","protected":false},"excerpt":{"rendered":"","protected":false},"author":1,"featured_media":0,"parent":0,"menu_order":0,"comment_status":"closed","ping_status":"closed","template":"","meta":{"_price":"","_stock":"","_tribe_ticket_header":"","_tribe_default_ticket_provider":"","_tribe_ticket_capacity":"0","_ticket_start_date":"","_ticket_end_date":"","_tribe_ticket_show_description":"","_tribe_ticket_show_not_going":false,"_tribe_ticket_use_global_stock":"","_tribe_ticket_global_stock_level":"","_global_stock_mode":"","_global_stock_cap":"","_tribe_rsvp_for_event":"","_tribe_ticket_going_count":"","_tribe_ticket_not_going_count":"","_tribe_tickets_list":"[]","_tribe_ticket_has_attendee_info_fields":false,"footnotes":"","_tec_slr_enabled":"","_tec_slr_layout":""},"class_list":["post-15371","page","type-page","status-publish","hentry"],"ticketed":false,"_links":{"self":[{"href":"https:\/\/hasansaritasgallery.com\/index.php?rest_route=\/wp\/v2\/pages\/15371","targetHints":{"allow":["GET"]}}],"collection":[{"href":"https:\/\/hasansaritasgallery.com\/index.php?rest_route=\/wp\/v2\/pages"}],"about":[{"href":"https:\/\/hasansaritasgallery.com\/index.php?rest_route=\/wp\/v2\/types\/page"}],"author":[{"embeddable":true,"href":"https:\/\/hasansaritasgallery.com\/index.php?rest_route=\/wp\/v2\/users\/1"}],"replies":[{"embeddable":true,"href":"https:\/\/hasansaritasgallery.com\/index.php?rest_route=%2Fwp%2Fv2%2Fcomments&post=15371"}],"version-history":[{"count":2,"href":"https:\/\/hasansaritasgallery.com\/index.php?rest_route=\/wp\/v2\/pages\/15371\/revisions"}],"predecessor-version":[{"id":15373,"href":"https:\/\/hasansaritasgallery.com\/index.php?rest_route=\/wp\/v2\/pages\/15371\/revisions\/15373"}],"wp:attachment":[{"href":"https:\/\/hasansaritasgallery.com\/index.php?rest_route=%2Fwp%2Fv2%2Fmedia&parent=15371"}],"curies":[{"name":"wp","href":"https:\/\/api.w.org\/{rel}","templated":true}]}}